{"id":1041,"date":"2025-05-29T18:10:38","date_gmt":"2025-05-29T21:10:38","guid":{"rendered":"https:\/\/mxzone.com.ar\/shop\/?post_type=product&#038;p=1041"},"modified":"2025-06-17T17:22:15","modified_gmt":"2025-06-17T20:22:15","slug":"filtro-de-aire-funnelweb","status":"publish","type":"product","link":"https:\/\/mxzone.com.ar\/shop\/producto\/filtro-de-aire-funnelweb\/","title":{"rendered":"Filtro de aire FunnelWeb"},"content":{"rendered":"<p>Dise\u00f1ado y fabricado en Australia, utilizando las \u00faltimas tecnolog\u00edas en perfilado 3D de espuma de celda abierta, el perfil piramidal duplica eficazmente la superficie exterior del filtro sin aumentar su tama\u00f1o total.<\/p>\n<p>En comparaci\u00f3n con la espuma convencional para filtros de aire, la espuma con perfil piramidal:<\/p>\n<p>Proporciona una superficie 100 % mayor.<\/p>\n<p>Atrapa el polvo uniformemente sobre la mayor superficie exterior del filtro, aumentando considerablemente su capacidad de retenci\u00f3n.<\/p>\n<p>Mantiene un flujo de aire \u00f3ptimo distribuyendo el polvo atrapado sobre una mayor superficie.<\/p>\n<p>Reduce eficazmente la frecuencia de cambios y limpiezas de filtro.<\/p>\n<p>Sello de espuma troquelado:<\/p>\n<p>Se utiliza un sello troquelado de espuma resistente de 13 mm, dise\u00f1ado para un ajuste firme, que garantiza que no entre polvo ni residuos en la caja de aire, debajo del marco de soporte del filtro.<br \/>\nLa alta calidad de la espuma de junta utilizada, junto con las grandes dimensiones del sello, reduce el riesgo de encogimiento, estiramiento y desgarro, permitiendo un ajuste \u00f3ptimo durante un per\u00edodo prolongado.<\/p>\n<p>Los adhesivos especialmente mezclados que utilizamos para ensamblar nuestros filtros no se ven afectados por los combustibles, aceites, productos qu\u00edmicos de limpieza ni el calor.<\/p>\n","protected":false},"excerpt":{"rendered":"<article class=\"text-token-text-primary w-full\" dir=\"auto\" data-testid=\"conversation-turn-2\" data-scroll-anchor=\"true\">\n<div class=\"text-base my-auto mx-auto py-5 [--thread-content-margin:--spacing(4)] @[37rem]:[--thread-content-margin:--spacing(6)] @[72rem]:[--thread-content-margin:--spacing(16)] px-(--thread-content-margin)\">\n<div class=\"[--thread-content-max-width:32rem] @[34rem]:[--thread-content-max-width:40rem] @[64rem]:[--thread-content-max-width:48rem] mx-auto flex max-w-(--thread-content-max-width) flex-1 text-base gap-4 md:gap-5 lg:gap-6 group\/turn-messages focus-visible:outline-hidden\">\n<div class=\"group\/conversation-turn relative flex w-full min-w-0 flex-col agent-turn\">\n<div class=\"relative flex-col gap-1 md:gap-3\">\n<div class=\"flex max-w-full flex-col grow\">\n<div class=\"min-h-8 text-message relative flex w-full flex-col items-end gap-2 text-start break-words whitespace-normal [.text-message+&amp;]:mt-5\" dir=\"auto\" data-message-author-role=\"assistant\" data-message-id=\"80b7161f-ec21-4e30-bdb7-043aa84675b7\" data-message-model-slug=\"gpt-4o\">\n<div class=\"flex w-full flex-col gap-1 empty:hidden first:pt-[3px]\">\n<div class=\"markdown prose dark:prose-invert w-full break-words dark\">\n<p data-start=\"0\" data-end=\"613\">Este filtro de aire, dise\u00f1ado y fabricado en Australia, incorpora tecnolog\u00eda avanzada de perfilado 3D en espuma de celda abierta con dise\u00f1o piramidal, lo que duplica su superficie externa sin aumentar el tama\u00f1o. Gracias a esto, ofrece una mayor capacidad para atrapar el polvo de manera uniforme, manteniendo un flujo de aire \u00f3ptimo y reduciendo la frecuencia de limpieza. Cuenta adem\u00e1s con un sello troquelado de espuma de alta calidad y gran resistencia, que asegura un ajuste perfecto y duradero, evitando la entrada de polvo. Los adhesivos utilizados son resistentes a combustibles, aceites, qu\u00edmicos y calor<\/p>\n<\/div>\n<\/div>\n<\/div>\n<\/div>\n<\/div>\n<\/div>\n<\/div>\n<\/div>\n<\/article>\n","protected":false},"featured_media":1043,"comment_status":"open","ping_status":"closed","template":"","meta":{"_acf_changed":false},"product_brand":[129],"product_cat":[128],"product_tag":[],"class_list":{"0":"post-1041","1":"product","2":"type-product","3":"status-publish","4":"has-post-thumbnail","6":"product_brand-funnelweb","7":"product_cat-filtros","9":"first","10":"instock","11":"shipping-taxable","12":"purchasable","13":"product-type-variable"},"acf":[],"jetpack_sharing_enabled":true,"_links":{"self":[{"href":"https:\/\/mxzone.com.ar\/shop\/wp-json\/wp\/v2\/product\/1041","targetHints":{"allow":["GET"]}}],"collection":[{"href":"https:\/\/mxzone.com.ar\/shop\/wp-json\/wp\/v2\/product"}],"about":[{"href":"https:\/\/mxzone.com.ar\/shop\/wp-json\/wp\/v2\/types\/product"}],"replies":[{"embeddable":true,"href":"https:\/\/mxzone.com.ar\/shop\/wp-json\/wp\/v2\/comments?post=1041"}],"wp:featuredmedia":[{"embeddable":true,"href":"https:\/\/mxzone.com.ar\/shop\/wp-json\/wp\/v2\/media\/1043"}],"wp:attachment":[{"href":"https:\/\/mxzone.com.ar\/shop\/wp-json\/wp\/v2\/media?parent=1041"}],"wp:term":[{"taxonomy":"product_brand","embeddable":true,"href":"https:\/\/mxzone.com.ar\/shop\/wp-json\/wp\/v2\/product_brand?post=1041"},{"taxonomy":"product_cat","embeddable":true,"href":"https:\/\/mxzone.com.ar\/shop\/wp-json\/wp\/v2\/product_cat?post=1041"},{"taxonomy":"product_tag","embeddable":true,"href":"https:\/\/mxzone.com.ar\/shop\/wp-json\/wp\/v2\/product_tag?post=1041"}],"curies":[{"name":"wp","href":"https:\/\/api.w.org\/{rel}","templated":true}]}}