{"id":317,"date":"2025-03-12T00:17:32","date_gmt":"2025-03-11T23:17:32","guid":{"rendered":"https:\/\/mxzone.com.ar\/tienda\/?post_type=product&#038;p=300"},"modified":"2025-05-14T09:29:47","modified_gmt":"2025-05-14T12:29:47","slug":"edicion-limitada-kyle-chisholm-red-mirror-lens","status":"publish","type":"product","link":"https:\/\/mxzone.com.ar\/shop\/producto\/edicion-limitada-kyle-chisholm-red-mirror-lens\/","title":{"rendered":"LUCID EDICION LIMITADA"},"content":{"rendered":"<ul>\n<li><span data-contrast=\"auto\">Marco DYAD resistente, con doble inyecci\u00f3n en nuestro marco interior POLYFLEX\u00a0 de formaci\u00f3n de cara probado en carreras.<\/span><span data-ccp-props=\"{}\">\u00a0<\/span><\/li>\n<li>Sistema de ventilaci\u00f3n FLOAIR con canal de humedad<\/li>\n<li>Espuma facial multietapa moldeada en 3D de 17 mm de espesor<\/li>\n<li>Sistema de estabilizadores FORCEFIT<\/li>\n<li>Correa tejida ultra ancha de 45 mm con control de tracci\u00f3n de silicona<\/li>\n<li>XDO [\u00d3ptica de definici\u00f3n extrema]<\/li>\n<li>Sistema de bloqueo de lentes de cambio r\u00e1pido WAVELATCH<\/li>\n<li>Lente moldeada por inyecci\u00f3n XDO con revestimiento duro y tratamiento antivaho<\/li>\n<li>Postes desprendibles integrados<\/li>\n<li>El campo de visi\u00f3n ultra amplio acepta el sistema de pel\u00edcula Zip-Off de 45 mm<\/li>\n<li>Protector nasal ventilado desmontable<\/li>\n<\/ul>\n<p>Un marco exterior r\u00edgido y resistente DYAD mantiene la lente en su lugar y crea el sellado perfecto para protegerla de part\u00edculas proyectadas y objetos pesados. La montura exterior est\u00e1 inyectada dos veces sobre una montura interior suave, fabricada con nuestro exclusivo material POLYFLEX, que se adapta al rostro. Esto permite que la montura interior se adapte a diferentes formas faciales, creando el mejor sellado y ajuste, a la vez que elimina pr\u00e1cticamente cualquier punto de presi\u00f3n. Las gafas LUCID incluyen un protector nasal ventilado, extra\u00edble y de perfil bajo para mayor protecci\u00f3n.<\/p>\n<p>El LUCID WAVELATCH es un nuevo sistema de bloqueo de lentes que mantiene la lente inyectada XDO segura y herm\u00e9ticamente sellada. Permite al piloto cambiar r\u00e1pidamente su lente por otra tintada con solo deslizar el pulgar. \u00a1F\u00e1cil y r\u00e1pido!<\/p>\n<p>La espuma facial LUCID de 20 mm de grosor, moldeada en 3D y multicapa, crea un ajuste inigualable para casi cualquier forma de rostro. La tercera capa de espuma, junto con nuestro innovador canal de humedad moldeado en la montura de las gafas, evita que el sudor gotee o salpique sobre la lente. El canal de humedad FLOAIR permite que el sudor se deslice por los lados de la montura en lugar de entrar en los ojos.<\/p>\n<p>Las gafas LUCID ofrecen uno de los campos de visi\u00f3n m\u00e1s amplios disponibles. Adem\u00e1s, permiten utilizar un sistema de reducci\u00f3n de altura de 45 mm, l\u00edder en su clase, para una visi\u00f3n absolutamente n\u00edtida incluso en los d\u00edas m\u00e1s fr\u00edos.<\/p>\n<p>Un nuevo dise\u00f1o de estabilizador FORCEFIT presenta una correa tejida ultra ancha de 45 mm m\u00e1s grande con control de tracci\u00f3n de silicona, que permite una tensi\u00f3n adecuada de las gafas para un ajuste c\u00f3modo y seguro para un rendimiento incomparable.<\/p>\n","protected":false},"excerpt":{"rendered":"<p>Las nuevas gafas LUCID se caracterizan por una percepci\u00f3n nitida. Se crea a partir de m\u00e1s de 35 a\u00f1os de I+D, experiencia, pasi\u00f3n y evoluci\u00f3n en el negocio de las gafas. Las nuevas gafas LUCID optimizar\u00e1n al m\u00e1ximo la visi\u00f3n y la funci\u00f3n de las gafas con su incre\u00edble tecnolog\u00eda de lentes XDO (Xtreme Definici\u00f3n \u00d3ptica). La lente XDO est\u00e1 moldeada por inyecci\u00f3n con material de policarbonato resistente a impactos de la m\u00e1s alta calidad para lograr una distorsi\u00f3n visual cero.<\/p>\n","protected":false},"featured_media":697,"comment_status":"open","ping_status":"closed","template":"","meta":{"_acf_changed":false},"product_brand":[22],"product_cat":[17],"product_tag":[],"class_list":{"0":"post-317","1":"product","2":"type-product","3":"status-publish","4":"has-post-thumbnail","6":"product_brand-eks-brand","7":"product_cat-antiparras","9":"first","10":"instock","11":"featured","12":"sold-individually","13":"shipping-taxable","14":"purchasable","15":"product-type-variable"},"acf":[],"jetpack_sharing_enabled":true,"_links":{"self":[{"href":"https:\/\/mxzone.com.ar\/shop\/wp-json\/wp\/v2\/product\/317","targetHints":{"allow":["GET"]}}],"collection":[{"href":"https:\/\/mxzone.com.ar\/shop\/wp-json\/wp\/v2\/product"}],"about":[{"href":"https:\/\/mxzone.com.ar\/shop\/wp-json\/wp\/v2\/types\/product"}],"replies":[{"embeddable":true,"href":"https:\/\/mxzone.com.ar\/shop\/wp-json\/wp\/v2\/comments?post=317"}],"wp:featuredmedia":[{"embeddable":true,"href":"https:\/\/mxzone.com.ar\/shop\/wp-json\/wp\/v2\/media\/697"}],"wp:attachment":[{"href":"https:\/\/mxzone.com.ar\/shop\/wp-json\/wp\/v2\/media?parent=317"}],"wp:term":[{"taxonomy":"product_brand","embeddable":true,"href":"https:\/\/mxzone.com.ar\/shop\/wp-json\/wp\/v2\/product_brand?post=317"},{"taxonomy":"product_cat","embeddable":true,"href":"https:\/\/mxzone.com.ar\/shop\/wp-json\/wp\/v2\/product_cat?post=317"},{"taxonomy":"product_tag","embeddable":true,"href":"https:\/\/mxzone.com.ar\/shop\/wp-json\/wp\/v2\/product_tag?post=317"}],"curies":[{"name":"wp","href":"https:\/\/api.w.org\/{rel}","templated":true}]}}