{"id":983,"date":"2025-05-22T00:56:34","date_gmt":"2025-05-22T03:56:34","guid":{"rendered":"https:\/\/mxzone.com.ar\/shop\/?post_type=product&#038;p=983"},"modified":"2025-05-22T01:05:46","modified_gmt":"2025-05-22T04:05:46","slug":"cubierta-dunlop-geomax-mx34-trasera","status":"publish","type":"product","link":"https:\/\/mxzone.com.ar\/shop\/producto\/cubierta-dunlop-geomax-mx34-trasera\/","title":{"rendered":"CUBIERTA DUNLOP GEOMAX MX34 TRASERA"},"content":{"rendered":"<ul>\n<li>El nuevo material de la carcasa mejora la amortiguaci\u00f3n y la absorci\u00f3n, manteniendo el rendimiento hasta un 30 % m\u00e1s tiempo.<\/li>\n<li>La nueva PCBT (Tecnolog\u00eda Progresiva de Bloques en Curvas) mejora el agarre en curvas y optimiza la sensaci\u00f3n y la absorci\u00f3n.<\/li>\n<li>Nuevo dibujo trasero con un bloque central un 11 % m\u00e1s alto y un 44 % m\u00e1s ancho para mayor tracci\u00f3n y control.<\/li>\n<li>El nuevo compuesto de caucho aumenta la tracci\u00f3n a la vez que mantiene la durabilidad.<\/li>\n<li>Incorpora tecnolog\u00eda avanzada de evacuaci\u00f3n de lodo que te permite mantener el control incluso en las condiciones m\u00e1s embarradas.<\/li>\n<li>Nueva especificaci\u00f3n de f\u00e1brica disponible exclusivamente en tu concesionario autorizado local de KTM, Husqvarna y Gas Gas.<\/li>\n<\/ul>\n<p>&nbsp;<br \/>\n&nbsp;<br \/>\n<img loading=\"lazy\" decoding=\"async\" class=\"alignleft size-medium wp-image-1032\" src=\"https:\/\/mxzone.com.ar\/shop\/wp-content\/uploads\/2025\/05\/MX33-Block-Deformation-1.0-300x190.jpg\" alt=\"\" width=\"300\" height=\"190\" srcset=\"https:\/\/mxzone.com.ar\/shop\/wp-content\/uploads\/2025\/05\/MX33-Block-Deformation-1.0-300x190.jpg 300w, https:\/\/mxzone.com.ar\/shop\/wp-content\/uploads\/2025\/05\/MX33-Block-Deformation-1.0-600x380.jpg 600w, https:\/\/mxzone.com.ar\/shop\/wp-content\/uploads\/2025\/05\/MX33-Block-Deformation-1.0.jpg 700w\" sizes=\"auto, (max-width: 300px) 100vw, 300px\" \/><\/p>\n<h3 style=\"text-align: center;\">PCBT (Bloqueo Progresivo en Curvas)<\/h3>\n<p style=\"text-align: center;\">PCBT (Tecnolog\u00eda de Bloqueo Progresivo en Curvas) mejora el agarre en curvas y, al mismo tiempo, optimiza el control de deslizamiento gracias a una mayor flexibilidad de los bloques.<\/p>\n<p>&nbsp;<\/p>\n<p><img loading=\"lazy\" decoding=\"async\" class=\"alignleft size-medium wp-image-1034\" src=\"https:\/\/mxzone.com.ar\/shop\/wp-content\/uploads\/2025\/05\/Tire-Pattern-Improvements-3.0-300x190.jpg\" alt=\"\" width=\"300\" height=\"190\" srcset=\"https:\/\/mxzone.com.ar\/shop\/wp-content\/uploads\/2025\/05\/Tire-Pattern-Improvements-3.0-300x190.jpg 300w, https:\/\/mxzone.com.ar\/shop\/wp-content\/uploads\/2025\/05\/Tire-Pattern-Improvements-3.0-600x380.jpg 600w, https:\/\/mxzone.com.ar\/shop\/wp-content\/uploads\/2025\/05\/Tire-Pattern-Improvements-3.0.jpg 700w\" sizes=\"auto, (max-width: 300px) 100vw, 300px\" \/><\/p>\n<h3 style=\"text-align: center;\">Mejoras en el patr\u00f3n<\/h3>\n<p style=\"text-align: center;\">Hemos actualizado el compuesto y optimizado el dise\u00f1o y la configuraci\u00f3n de los bloques para ofrecer mayor tracci\u00f3n, durabilidad y un mejor sistema de evacuaci\u00f3n de lodo. Gracias a una mayor separaci\u00f3n entre los bloques centrales y los bloques laterales, se logra un rendimiento superior en la evacuaci\u00f3n de lodo, brind\u00e1ndote el control y la confianza necesarios para afrontar incluso las pistas m\u00e1s embarradas.<\/p>\n<p>&nbsp;<\/p>\n<p><img loading=\"lazy\" decoding=\"async\" class=\"alignleft size-medium wp-image-1033\" src=\"https:\/\/mxzone.com.ar\/shop\/wp-content\/uploads\/2025\/05\/MX33-Comparison-4.0-1-300x190.jpg\" alt=\"\" width=\"300\" height=\"190\" srcset=\"https:\/\/mxzone.com.ar\/shop\/wp-content\/uploads\/2025\/05\/MX33-Comparison-4.0-1-300x190.jpg 300w, https:\/\/mxzone.com.ar\/shop\/wp-content\/uploads\/2025\/05\/MX33-Comparison-4.0-1-600x380.jpg 600w, https:\/\/mxzone.com.ar\/shop\/wp-content\/uploads\/2025\/05\/MX33-Comparison-4.0-1.jpg 700w\" sizes=\"auto, (max-width: 300px) 100vw, 300px\" \/><\/p>\n<h3 style=\"text-align: center;\">Comparaci\u00f3n de rendimiento<\/h3>\n<p style=\"text-align: center;\">La configuraci\u00f3n mejorada de los bloques, el material de la carcasa y la tecnolog\u00eda hacen que el MX34 sea, en general, un neum\u00e1tico mejor que el MX33.<\/p>\n","protected":false},"excerpt":{"rendered":"<p>Ya sea que compitas profesionalmente o recorras los senderos los fines de semana, puedes confiar en que el MX34 te brindar\u00e1 la estabilidad y el control que necesitas para rendir al m\u00e1ximo.<\/p>\n","protected":false},"featured_media":987,"comment_status":"open","ping_status":"closed","template":"","meta":{"_acf_changed":false},"product_brand":[112],"product_cat":[113],"product_tag":[],"class_list":{"0":"post-983","1":"product","2":"type-product","3":"status-publish","4":"has-post-thumbnail","6":"product_brand-dunlop","7":"product_cat-cubiertas","9":"first","10":"instock","11":"shipping-taxable","12":"purchasable","13":"product-type-variable"},"acf":[],"jetpack_sharing_enabled":true,"_links":{"self":[{"href":"https:\/\/mxzone.com.ar\/shop\/wp-json\/wp\/v2\/product\/983","targetHints":{"allow":["GET"]}}],"collection":[{"href":"https:\/\/mxzone.com.ar\/shop\/wp-json\/wp\/v2\/product"}],"about":[{"href":"https:\/\/mxzone.com.ar\/shop\/wp-json\/wp\/v2\/types\/product"}],"replies":[{"embeddable":true,"href":"https:\/\/mxzone.com.ar\/shop\/wp-json\/wp\/v2\/comments?post=983"}],"wp:featuredmedia":[{"embeddable":true,"href":"https:\/\/mxzone.com.ar\/shop\/wp-json\/wp\/v2\/media\/987"}],"wp:attachment":[{"href":"https:\/\/mxzone.com.ar\/shop\/wp-json\/wp\/v2\/media?parent=983"}],"wp:term":[{"taxonomy":"product_brand","embeddable":true,"href":"https:\/\/mxzone.com.ar\/shop\/wp-json\/wp\/v2\/product_brand?post=983"},{"taxonomy":"product_cat","embeddable":true,"href":"https:\/\/mxzone.com.ar\/shop\/wp-json\/wp\/v2\/product_cat?post=983"},{"taxonomy":"product_tag","embeddable":true,"href":"https:\/\/mxzone.com.ar\/shop\/wp-json\/wp\/v2\/product_tag?post=983"}],"curies":[{"name":"wp","href":"https:\/\/api.w.org\/{rel}","templated":true}]}}